{"id":769,"date":"2021-10-08T16:32:16","date_gmt":"2021-10-08T16:32:16","guid":{"rendered":"https:\/\/ccpf.com.pa\/cursos\/?page_id=769"},"modified":"2021-10-11T12:27:13","modified_gmt":"2021-10-11T12:27:13","slug":"curriculum-vitae-javier-mitre-bethancourt","status":"publish","type":"page","link":"https:\/\/ccpf.com.pa\/cursos\/curriculum-vitae-javier-mitre-bethancourt\/","title":{"rendered":"Curriculum vitae Javier Mitre Bethancourt"},"content":{"rendered":"\t\t<div data-elementor-type=\"wp-page\" data-elementor-id=\"769\" class=\"elementor elementor-769\">\n\t\t\t\t\t\t<section class=\"elementor-section elementor-top-section elementor-element elementor-element-1e02f8f4 elementor-section-full_width elementor-section-stretched elementor-section-height-default elementor-section-height-default\" data-id=\"1e02f8f4\" data-element_type=\"section\" data-settings=\"{&quot;stretch_section&quot;:&quot;section-stretched&quot;,&quot;background_background&quot;:&quot;classic&quot;}\">\n\t\t\t\t\t\t\t<div class=\"elementor-background-overlay\"><\/div>\n\t\t\t\t\t\t\t<div class=\"elementor-container elementor-column-gap-default\">\n\t\t\t\t\t<div class=\"elementor-column elementor-col-100 elementor-top-column elementor-element elementor-element-300fc80b\" data-id=\"300fc80b\" data-element_type=\"column\" data-settings=\"{&quot;background_background&quot;:&quot;classic&quot;}\">\n\t\t\t<div class=\"elementor-widget-wrap elementor-element-populated\">\n\t\t\t\t\t<div class=\"elementor-background-overlay\"><\/div>\n\t\t\t\t\t\t<div class=\"elementor-element elementor-element-7d6e04ee elementor-widget elementor-widget-spacer\" data-id=\"7d6e04ee\" data-element_type=\"widget\" data-widget_type=\"spacer.default\">\n\t\t\t\t<div class=\"elementor-widget-container\">\n\t\t\t\t\t\t\t<div class=\"elementor-spacer\">\n\t\t\t<div class=\"elementor-spacer-inner\"><\/div>\n\t\t<\/div>\n\t\t\t\t\t\t<\/div>\n\t\t\t\t<\/div>\n\t\t\t\t<div class=\"elementor-element elementor-element-5b07ef21 elementor-widget elementor-widget-heading\" data-id=\"5b07ef21\" data-element_type=\"widget\" data-widget_type=\"heading.default\">\n\t\t\t\t<div class=\"elementor-widget-container\">\n\t\t\t\t\t<h4 class=\"elementor-heading-title elementor-size-default\">www.ccpf.com.pa<\/h4>\t\t\t\t<\/div>\n\t\t\t\t<\/div>\n\t\t\t\t<section class=\"elementor-section elementor-inner-section elementor-element elementor-element-3502e91d elementor-section-boxed elementor-section-height-default elementor-section-height-default\" data-id=\"3502e91d\" data-element_type=\"section\">\n\t\t\t\t\t\t<div class=\"elementor-container elementor-column-gap-default\">\n\t\t\t\t\t<div class=\"elementor-column elementor-col-100 elementor-inner-column elementor-element elementor-element-151d0fc1\" data-id=\"151d0fc1\" data-element_type=\"column\">\n\t\t\t<div class=\"elementor-widget-wrap elementor-element-populated\">\n\t\t\t\t\t\t<div class=\"elementor-element elementor-element-6d14abfb elementor-widget elementor-widget-text-editor\" data-id=\"6d14abfb\" data-element_type=\"widget\" data-widget_type=\"text-editor.default\">\n\t\t\t\t<div class=\"elementor-widget-container\">\n\t\t\t\t\t\t\t\t\t<p>Resumen de CV.\u00a0<strong><u>Javier Mitre Bethancourt<\/u><\/strong>. Abogado-Consultor en Impuestos y Acad\u00e9mico Investigador de Derecho Tributario de Panam\u00e1 con m\u00e1s de 15 a\u00f1os de experiencia como facilitador y dise\u00f1ador de programas de capacitaci\u00f3n en Derecho Tributario de Panam\u00e1 presencial y modalidad virtual.\u00a0Profesor en diferentes universidades nacionales e internacionales en Derecho Tributario. \u00a0Director Ejecutivo y Fundador de\u00a0<a style=\"color: #be9751;\" href=\"http:\/\/www.ccpf.com.pa\/\">www.ccpf.com.pa<\/a> y la plataforma digital de Educaci\u00f3n Fiscal. \u201cE-Learning Fiscal School\u201d. \u00a0Responsable por el Ejecutivo de la comisi\u00f3n de redacci\u00f3n del C\u00f3digo de Procedimiento Tributario de Panam\u00e1 2019, del Delito Fiscal 2019 y de la Reforma de Impuestos de Inmuebles de 2017, as\u00ed como parte del equipo de cambios propuestos a los reg\u00edmenes fiscales especiales, en la Asamblea Nacional de Panam\u00e1 para cumplir con el foro global de la OCDE. Miembro del primer comit\u00e9 sobre Implementaci\u00f3n de Facturaci\u00f3n Electr\u00f3nica de la DGI 2016.\u00a0<u>Facilitador de Fiscales de la Procuradur\u00eda General de la Naci\u00f3n en Delitos de Defraudaci\u00f3n Fiscal<\/u> 2020. <u>\u00a0Estudios Superiores<\/u>:\u00a0Licenciado en Derecho y Ciencias Pol\u00edticas de la\u00a0<strong>Universidad de Panam\u00e1 2003<\/strong>;\u00a0Postgrado en Derecho P\u00fablico (ULACIT); Postgrado en Tributaci\u00f3n (UNESCPA); Postgrado en Docencia Superior (UNESCPA); Postgrado en Contralor\u00eda (U. de Panam\u00e1);\u00a0<strong>Maestr\u00eda<\/strong>\u00a0en Derecho con \u00c9nfasis en Derecho Administrativo (ULACIT);\u00a0<strong>Maestr\u00eda\u00a0<\/strong>en Tesis de Contabilidad con \u00c9nfasis en Contabilidad Tributaria 2020 (U. de Panam\u00e1). Estudios en Instituciones Tributarias Iberoamericanas en el\u00a0<strong>Instituto de Estudios Fiscales<\/strong>, en Madrid, Espa\u00f1a. Certificaci\u00f3n en Tributaci\u00f3n Internacional por<strong>, Leiden University. (Programa Holanda-Panam\u00e1) 2017. en Ciudad del Saber. Postgrado en \u00abDerecho Penal Tributario\u00bb en la Universidad de Buenos Aires UBA de Argentina, Online 2020. \u00a0Curso Intensivo en Derecho Tributaci\u00f3n Internacional. Universidad Austral de Argentina Online 2020.\u00a0Especializaci\u00f3n en \u201cCompliance\u201d en Aden Business School y The George Washington Unversity Online 2021. <\/strong>Certificaci\u00f3n por el\u00a0<a style=\"color: #be9751;\" href=\"https:\/\/www.linkedin.com\/search\/results\/all\/?keywords=Lincoln%20Institute%20of%20Land%20Policy&amp;lipi=urn%3Ali%3Apage%3Ad_flagship3_profile_view_base%3BmjPCmoEUSCCqqrlVhQKQxQ%3D%3D&amp;licu=urn%3Ali%3Acontrol%3Ad_flagship3_profile_view_base-background_details_school\">Lincoln Institute of Land Policy<\/a>,<a href=\"https:\/\/www.linkedin.com\/search\/results\/all\/?keywords=Lincoln%20Institute%20of%20Land%20Policy&amp;lipi=urn%3Ali%3Apage%3Ad_flagship3_profile_view_base%3BmjPCmoEUSCCqqrlVhQKQxQ%3D%3D&amp;licu=urn%3Ali%3Acontrol%3Ad_flagship3_profile_view_base-background_details_school\">\u00a0<\/a>En el programa de Estudios sobre la<a style=\"color: #be9751;\" href=\"https:\/\/www.linkedin.com\/search\/results\/all\/?keywords=Lincoln%20Institute%20of%20Land%20Policy&amp;lipi=urn%3Ali%3Apage%3Ad_flagship3_profile_view_base%3BmjPCmoEUSCCqqrlVhQKQxQ%3D%3D&amp;licu=urn%3Ali%3Acontrol%3Ad_flagship3_profile_view_base-background_details_school\">\u00a0Eficiencia para la Recaudaci\u00f3n del Impuesto Predial de Latinoamerica<\/a>.\u00a0Curso B\u00e1sico de Arbitraje de Panam\u00e1 bajo el Reglamento del CeCAP;\u00a0<a href=\"https:\/\/www.linkedin.com\/search\/results\/all\/?keywords=Lincoln%20Institute%20of%20Land%20Policy&amp;lipi=urn%3Ali%3Apage%3Ad_flagship3_profile_view_base%3BmjPCmoEUSCCqqrlVhQKQxQ%3D%3D&amp;licu=urn%3Ali%3Acontrol%3Ad_flagship3_profile_view_base-background_details_school\">\u00a0<\/a>Membres\u00edas:\u00a0<strong>-Miembro del Colegio Nacional de Abogados de Panam\u00e1.-Director y miembro Fundador de la \u00abInternational Fiscal Association\u00bb (IFA Panam\u00e1). Miembro de la Asociaci\u00f3n Nacional de Juristas de Panam\u00e1. Miembro del Instituto Paname\u00f1o de Tributaristas (INSPAT)<\/strong>.\u00a0Reconocimientos:<strong> -\u00abMedalla Jos\u00e9 Dolores Moscote al m\u00e9rito por m\u00e1s de 15 a\u00f1os de trayectoria como abogados con cargos p\u00fablicos de importancia nacional\u00bb por el Colegio Nacional de Abogados de Panam\u00e1 2019.\u00a0-Distinci\u00f3n por el INSPAT por la participaci\u00f3n en la elaboraci\u00f3n del primer C\u00f3digo Tributario para Panam\u00e1 2019 que introdujo el Arbitraje Tributario.\u00a0<\/strong>Experiencia Profesional: \u00b7\u00a0\u00a0\u00a0\u00a0\u00a0\u00a0\u00a0\u00a0\u00a0<em>Exdirector Jur\u00eddico, ex director de Recaudaci\u00f3n y ex Asesor de la Direcci\u00f3n General de Ingresos 2018 y 2015.\u00a0<u>Ex funcionario de Instrucci\u00f3n de la DGI en Investigaciones de Defraudaci\u00f3n Fiscal<\/u><\/em><u>\u00b7<\/u>\u00a0\u00a0\u00a0\u00a0\u00a0\u00a0\u00a0\u00a0\u00a0<em>Exabogado Asociado de la firma de <strong>abogados Rivera, Bol\u00edvar&amp; Casta\u00f1edas<\/strong> (RBC). 2010.\u00a0<\/em>\u00b7\u00a0 \u00a0 \u00a0 \u00a0 ex\u00a0<em>jefe de Asesor\u00eda Legal- Administraci\u00f3n Provincial de Ingresos DGI de Panam\u00e1 2006-2007. Consultor Jur\u00eddico Tributario internacional en la de DGI de la\u00a0<strong>Rep\u00fablica de Nicaragua<\/strong>\u00a02013-2014-2016 (Programa Financiado por el BID).\u00a0<\/em>\u00b7\u00a0 \u00a0 \u00a0 \u00a0 \u00a0ex.\u00a0<em>Asistente y Asesor de Magistrados en el Tribunal Administrativo Tributario de Panam\u00e1. 2011.<\/em><\/p>\t\t\t\t\t\t\t\t<\/div>\n\t\t\t\t<\/div>\n\t\t\t\t<div class=\"elementor-element elementor-element-4d577ce7 elementor-widget elementor-widget-text-editor\" data-id=\"4d577ce7\" data-element_type=\"widget\" data-widget_type=\"text-editor.default\">\n\t\t\t\t<div class=\"elementor-widget-container\">\n\t\t\t\t\t\t\t\t\t<p><strong><u>Cursos Dictados en el \u00faltimo a\u00f1o en modalidad abierta y exclusivo para distintas empresas:<\/u><\/strong><\/p><ul><li>Webinar Nuevas reglas por Facturas Electr\u00f3nicas y Equipos Fiscales en Panam\u00e1.<\/li><li>Webinar Capacitaci\u00f3n Arrendamiento Financiero de Bienes Muebles.<\/li><li>Webinar Todo sobre el ITBMS y el ISC, en la Factura Electr\u00f3nica de Panam\u00e1.<\/li><li>Webinar El Nuevo Leasing Inmobiliario de Panam\u00e1.<\/li><li>Webinar Nuevas Sociedades de Emprendimiento de Panam\u00e1 y sus Incentivos Fiscales.<\/li><li>\u00abNuevos Incentivos Fiscales por Actividades de Turismo en Panam\u00e1\u00bb.<\/li><li>\u201cWebinar Live: Tributaci\u00f3n para Pymes y Emprendedores-En Tiempos de Crisis\u00bb.<\/li><li>\u201cWebinar Live Conductas y Causales de Defraudaci\u00f3n Fiscal Penal en Panam\u00e1\u201d.<\/li><li>Webinar Live-Configuraci\u00f3n, Usos, Validez y Efectos Fiscales de la Firma Electr\u00f3nica Calificada en Panam\u00e1.<\/li><li>Solicitud de No Aplicaci\u00f3n del CAIR en Panam\u00e1 y como adjuntar sus requisitos por el etax 2.0.<\/li><li>Webinar La notificaci\u00f3n por correo electr\u00f3nico por la DGI de Panam\u00e1.<\/li><li>\u201cPaso a Paso\u201d de los Formularios 106 y 107 (2% y 3%) en el E-tax 2.0 de la DGI de Panam\u00e1.<\/li><li>Legislaci\u00f3n Aplicable al Impuesto sobre la Renta en Panam\u00e1 Parte IV (Reg\u00edmenes Especiales).<\/li><li>Legislaci\u00f3n Aplicable al Impuesto sobre la Renta en Panam\u00e1 Parte III (Determinaci\u00f3n).<\/li><li>Legislaci\u00f3n aplicable al Impuesto sobre la Renta en Panam\u00e1 Parte II (Gastos).<\/li><li>Legislaci\u00f3n Aplicable al Impuesto Sobre la Renta en Panam\u00e1 Parte I (RENTAS).<\/li><li>Extensi\u00f3n de la Amnist\u00eda y Medidas de Alivio. Tributario.<\/li><li>Fundamentos Legales de los Servicios en L\u00ednea ofrecidos por la DGI-ETAX 2.0.<\/li><\/ul>\t\t\t\t\t\t\t\t<\/div>\n\t\t\t\t<\/div>\n\t\t\t\t\t<\/div>\n\t\t<\/div>\n\t\t\t\t\t<\/div>\n\t\t<\/section>\n\t\t\t\t<div class=\"elementor-element elementor-element-53551105 elementor-widget elementor-widget-spacer\" data-id=\"53551105\" data-element_type=\"widget\" data-widget_type=\"spacer.default\">\n\t\t\t\t<div class=\"elementor-widget-container\">\n\t\t\t\t\t\t\t<div class=\"elementor-spacer\">\n\t\t\t<div class=\"elementor-spacer-inner\"><\/div>\n\t\t<\/div>\n\t\t\t\t\t\t<\/div>\n\t\t\t\t<\/div>\n\t\t\t\t<section class=\"elementor-section elementor-inner-section elementor-element elementor-element-c610027 elementor-section-boxed elementor-section-height-default elementor-section-height-default\" data-id=\"c610027\" data-element_type=\"section\">\n\t\t\t\t\t\t<div class=\"elementor-container elementor-column-gap-default\">\n\t\t\t\t\t<div class=\"elementor-column elementor-col-50 elementor-inner-column elementor-element elementor-element-ce35390\" data-id=\"ce35390\" data-element_type=\"column\">\n\t\t\t<div class=\"elementor-widget-wrap elementor-element-populated\">\n\t\t\t\t\t\t<div class=\"elementor-element elementor-element-a12720c elementor-widget elementor-widget-image\" data-id=\"a12720c\" data-element_type=\"widget\" data-widget_type=\"image.default\">\n\t\t\t\t<div class=\"elementor-widget-container\">\n\t\t\t\t\t\t\t\t\t\t\t\t\t\t\t<img fetchpriority=\"high\" decoding=\"async\" width=\"360\" height=\"220\" src=\"https:\/\/ccpf.com.pa\/cursos\/wp-content\/uploads\/2021\/09\/centro-capacitaciones-profesionales-fiscales-20b-javier-mitre_360x220.jpg\" class=\"attachment-full size-full wp-image-617\" alt=\"\" srcset=\"https:\/\/ccpf.com.pa\/cursos\/wp-content\/uploads\/2021\/09\/centro-capacitaciones-profesionales-fiscales-20b-javier-mitre_360x220.jpg 360w, https:\/\/ccpf.com.pa\/cursos\/wp-content\/uploads\/2021\/09\/centro-capacitaciones-profesionales-fiscales-20b-javier-mitre_360x220-300x183.jpg 300w\" sizes=\"(max-width: 360px) 100vw, 360px\" \/>\t\t\t\t\t\t\t\t\t\t\t\t\t\t\t<\/div>\n\t\t\t\t<\/div>\n\t\t\t\t\t<\/div>\n\t\t<\/div>\n\t\t\t\t<div class=\"elementor-column elementor-col-50 elementor-inner-column elementor-element elementor-element-bee21f6\" data-id=\"bee21f6\" data-element_type=\"column\">\n\t\t\t<div class=\"elementor-widget-wrap elementor-element-populated\">\n\t\t\t\t\t\t<div class=\"elementor-element elementor-element-172da07b elementor-align-center elementor-widget elementor-widget-button\" data-id=\"172da07b\" data-element_type=\"widget\" data-widget_type=\"button.default\">\n\t\t\t\t<div class=\"elementor-widget-container\">\n\t\t\t\t\t\t\t\t\t<div class=\"elementor-button-wrapper\">\n\t\t\t\t\t<a class=\"elementor-button elementor-button-link elementor-size-sm elementor-animation-grow\" href=\"https:\/\/ccpftiendavirtual.com\/\">\n\t\t\t\t\t\t<span class=\"elementor-button-content-wrapper\">\n\t\t\t\t\t\t\t\t\t<span class=\"elementor-button-text\">Ver todos los cursos<\/span>\n\t\t\t\t\t<\/span>\n\t\t\t\t\t<\/a>\n\t\t\t\t<\/div>\n\t\t\t\t\t\t\t\t<\/div>\n\t\t\t\t<\/div>\n\t\t\t\t\t<\/div>\n\t\t<\/div>\n\t\t\t\t\t<\/div>\n\t\t<\/section>\n\t\t\t\t\t<\/div>\n\t\t<\/div>\n\t\t\t\t\t<\/div>\n\t\t<\/section>\n\t\t\t\t<\/div>\n\t\t","protected":false},"excerpt":{"rendered":"<p>www.ccpf.com.pa Resumen de CV.\u00a0Javier Mitre Bethancourt. Abogado-Consultor en Impuestos y Acad\u00e9mico Investigador de Derecho Tributario de Panam\u00e1 con m\u00e1s de 15 a\u00f1os de experiencia como facilitador y dise\u00f1ador de programas de capacitaci\u00f3n en Derecho Tributario de Panam\u00e1 presencial y modalidad &hellip; <a href=\"https:\/\/ccpf.com.pa\/cursos\/curriculum-vitae-javier-mitre-bethancourt\/\">Leer m\u00e1s<\/a><\/p>\n","protected":false},"author":1,"featured_media":0,"parent":0,"menu_order":0,"comment_status":"closed","ping_status":"closed","template":"","meta":{"kt_blocks_editor_width":"","footnotes":""},"class_list":["post-769","page","type-page","status-publish","hentry"],"_links":{"self":[{"href":"https:\/\/ccpf.com.pa\/cursos\/wp-json\/wp\/v2\/pages\/769","targetHints":{"allow":["GET"]}}],"collection":[{"href":"https:\/\/ccpf.com.pa\/cursos\/wp-json\/wp\/v2\/pages"}],"about":[{"href":"https:\/\/ccpf.com.pa\/cursos\/wp-json\/wp\/v2\/types\/page"}],"author":[{"embeddable":true,"href":"https:\/\/ccpf.com.pa\/cursos\/wp-json\/wp\/v2\/users\/1"}],"replies":[{"embeddable":true,"href":"https:\/\/ccpf.com.pa\/cursos\/wp-json\/wp\/v2\/comments?post=769"}],"version-history":[{"count":8,"href":"https:\/\/ccpf.com.pa\/cursos\/wp-json\/wp\/v2\/pages\/769\/revisions"}],"predecessor-version":[{"id":786,"href":"https:\/\/ccpf.com.pa\/cursos\/wp-json\/wp\/v2\/pages\/769\/revisions\/786"}],"wp:attachment":[{"href":"https:\/\/ccpf.com.pa\/cursos\/wp-json\/wp\/v2\/media?parent=769"}],"curies":[{"name":"wp","href":"https:\/\/api.w.org\/{rel}","templated":true}]}}